{"id":7,"date":"2014-03-13T20:06:15","date_gmt":"2014-03-13T19:06:15","guid":{"rendered":"https:\/\/2014.hamburg.wordcamp.org\/?page_id=7"},"modified":"2014-09-16T09:53:00","modified_gmt":"2014-09-16T07:53:00","slug":"tickets","status":"publish","type":"page","link":"https:\/\/hamburg.wordcamp.org\/2014\/tickets\/","title":{"rendered":"Tickets"},"content":{"rendered":"<h3>Im Ticketpreis ist enthalten<\/h3>\n<ul>\n<li>zwei Tage Konferenz vollgepackt mit Wissen rund um WordPress<\/li>\n<li>1 supercooles WordPress T-Shirt<\/li>\n<li>Wasser und Tee\/Kaffee an beiden Tagen<\/li>\n<li>Mittags Br\u00f6tchen und nachmittags Kuchen<\/li>\n<\/ul>\n<p>Die Catering Bestellungen sind seit 6. Juni abgeschlossen. Essens-W\u00fcnsche k\u00f6nnen nicht mehr ber\u00fccksichtigt werden.<br \/>\nDie T-Shirtbestellung ist seit 20. Mai ebenfalls abgeschlossen. Bitte tragt trotzdem alles ein, das vereinfacht es zuk\u00fcnftigen WordCamp Orga-Teams in der Planung.<\/p>\n<a href=\"https:\/\/hamburg.wordcamp.org\/2014\/tickets\/\">Bitte rufe diese Seite in einem Browser auf, um Tickets zu kaufen oder zu verwalten.<\/a>\n<p><em>Eine R\u00fcckerstattung des Tickets ist nicht m\u00f6glich &#8211; betrachtet euren Beitrag bitte als Spende an die WordPress-Community<\/em><\/p>\n","protected":false},"excerpt":{"rendered":"<p>Im Ticketpreis ist enthalten zwei Tage Konferenz vollgepackt mit Wissen rund um WordPress 1 supercooles WordPress T-Shirt Wasser und Tee\/Kaffee an beiden Tagen Mittags Br\u00f6tchen und nachmittags Kuchen Die Catering Bestellungen sind seit 6. Juni abgeschlossen. Essens-W\u00fcnsche k\u00f6nnen nicht mehr ber\u00fccksichtigt werden. Die T-Shirtbestellung ist seit 20. Mai ebenfalls abgeschlossen. Bitte tragt trotzdem alles ein, [&hellip;]<\/p>\n","protected":false},"author":1162914,"featured_media":0,"parent":0,"menu_order":0,"comment_status":"closed","ping_status":"open","template":"","meta":{"_crdt_document":"","jetpack_post_was_ever_published":false,"footnotes":""},"class_list":["post-7","page","type-page","status-publish","hentry"],"jetpack_sharing_enabled":true,"_links":{"self":[{"href":"https:\/\/hamburg.wordcamp.org\/2014\/wp-json\/wp\/v2\/pages\/7","targetHints":{"allow":["GET"]}}],"collection":[{"href":"https:\/\/hamburg.wordcamp.org\/2014\/wp-json\/wp\/v2\/pages"}],"about":[{"href":"https:\/\/hamburg.wordcamp.org\/2014\/wp-json\/wp\/v2\/types\/page"}],"author":[{"embeddable":true,"href":"https:\/\/hamburg.wordcamp.org\/2014\/wp-json\/wp\/v2\/users\/1162914"}],"replies":[{"embeddable":true,"href":"https:\/\/hamburg.wordcamp.org\/2014\/wp-json\/wp\/v2\/comments?post=7"}],"version-history":[{"count":17,"href":"https:\/\/hamburg.wordcamp.org\/2014\/wp-json\/wp\/v2\/pages\/7\/revisions"}],"predecessor-version":[{"id":627937,"href":"https:\/\/hamburg.wordcamp.org\/2014\/wp-json\/wp\/v2\/pages\/7\/revisions\/627937"}],"wp:attachment":[{"href":"https:\/\/hamburg.wordcamp.org\/2014\/wp-json\/wp\/v2\/media?parent=7"}],"curies":[{"name":"wp","href":"https:\/\/api.w.org\/{rel}","templated":true}]}}