{"id":6,"date":"2014-02-27T16:46:37","date_gmt":"2014-02-27T15:46:37","guid":{"rendered":"https:\/\/2014.hamburg.wordcamp.org\/?page_id=6"},"modified":"2014-09-16T09:52:41","modified_gmt":"2014-09-16T07:52:41","slug":"orga","status":"publish","type":"page","link":"https:\/\/hamburg.wordcamp.org\/2014\/orga\/","title":{"rendered":"Organisatorinnen &amp; Organisatoren"},"content":{"rendered":"\t<div class=\"wcorg-organizers\">\n\n\t\t\n\t\t\t<div class=\"wcorg-organizer\">\n\t\t\t\t<h2>Jan Reimers<\/h2>\n\t\t\t\t<div class=\"wcorg-organizer-description\">\n\t\t\t\t\t\t\t\t\t\t<img alt='' src='https:\/\/secure.gravatar.com\/avatar\/40c88e72e867ab97185d4260e0c1fab29ae0b7aba2605dbfc540e3e2d5aa668b?s=100&#038;d=mm&#038;r=g' srcset='https:\/\/secure.gravatar.com\/avatar\/40c88e72e867ab97185d4260e0c1fab29ae0b7aba2605dbfc540e3e2d5aa668b?s=200&#038;d=mm&#038;r=g 2x' class='avatar avatar-100 photo' height='100' width='100' \/>\t\t\t\t\t<p>Jan ist Webdesigner \/ Front-End Entwickler aus Hamburg. Er erstellt WordPress Websites und Themes seit 2010 und versucht das WordPress-\u00d6kosystem zu f\u00f6rdern wo er nur kann. Au\u00dferdem betreibt der Typ das <del>WordPress<\/del> WeirdPress-Magazin <a href=\"http:\/\/weirdpress.org\">WeirdPress.org<\/a>, twittert unter <a href=\"https:\/\/twitter.com\/reimersjan\">@reimersjan<\/a> und bloggt auf <a href=\"http:\/\/jan.rs\">jan.rs<\/a><\/p>\n\t\t\t\t<\/div>\n\t\t\t<\/div>\n\n\t\t\n\t\t\t<div class=\"wcorg-organizer\">\n\t\t\t\t<h2>Ralf Wiechers<\/h2>\n\t\t\t\t<div class=\"wcorg-organizer-description\">\n\t\t\t\t\t\t\t\t\t\t<img alt='' src='https:\/\/secure.gravatar.com\/avatar\/a436ab0e9c96432f9852e6c89a6efba387bbbd837e6f3eb29d1c97edad80f6ec?s=100&#038;d=mm&#038;r=g' srcset='https:\/\/secure.gravatar.com\/avatar\/a436ab0e9c96432f9852e6c89a6efba387bbbd837e6f3eb29d1c97edad80f6ec?s=200&#038;d=mm&#038;r=g 2x' class='avatar avatar-100 photo' height='100' width='100' \/>\t\t\t\t\t<p>Ralf ist im Internet immer unter <a href=\"https:\/\/twitter.com\/Drivingralle\" target=\"_blank\">@Drivingralle<\/a> zu finden. Er erstellt als <a href=\"http:\/\/www.Cross-Media-Cloud.de\" target=\"_blank\">Dienstleister<\/a> WordPress Websites seit 2010. Setzt bei allen eigenen Projekten WordPress ein, ob <a href=\"http:\/\/blog.drivingralle.de\" target=\"_blank\">Blog<\/a>, <a href=\"http:\/\/www.drivingralle.de\" target=\"_blank\">Portfolio<\/a> oder <a href=\"http:\/\/www.Voll-der-Norden.de\" target=\"_blank\">Magazin<\/a>. Seit Beginn einer der Organisatoren des WPMeetup in Hamburg.<\/p>\n\t\t\t\t<\/div>\n\t\t\t<\/div>\n\n\t\t\n\t\t\t<div class=\"wcorg-organizer\">\n\t\t\t\t<h2>Stephanie Wiermann<\/h2>\n\t\t\t\t<div class=\"wcorg-organizer-description\">\n\t\t\t\t\t\t\t\t\t\t<img alt='' src='https:\/\/secure.gravatar.com\/avatar\/fc00c22d45f86c8adc9a209bc4e9f7273eba17c9bc45da8df5b47e63a0dd5214?s=100&#038;d=mm&#038;r=g' srcset='https:\/\/secure.gravatar.com\/avatar\/fc00c22d45f86c8adc9a209bc4e9f7273eba17c9bc45da8df5b47e63a0dd5214?s=200&#038;d=mm&#038;r=g 2x' class='avatar avatar-100 photo' height='100' width='100' \/>\t\t\t\t\t<p>Stephanie ist <a href=\"http:\/\/elbmedien.de\">Gestalterin und Webworkerin<\/a> aus Hamburg. Sie entwickelt umfassende Corporate Identity L\u00f6sungen und setzt diese mit WordPress um. Sie ist eine der Organisatorinnen des WordPress Meetups Hamburg, entwirft <a href=\"http:\/\/tshirt-manufaktur.de\">Typo-T-Shirts<\/a> und <a href=\"http:\/\/magazin.elbmedien.de\">bloggt<\/a> und twittert als <a href=\"http:\/\/twitter.com\/Elbmedien\">@elbmedien<\/a> viel zu selten, weil sie im <a href=\"http:\/\/fiefhusen.de\">Garten<\/a> ist.<\/p>\n\t\t\t\t<\/div>\n\t\t\t<\/div>\n\n\t\t\n\t\t\t<div class=\"wcorg-organizer\">\n\t\t\t\t<h2>Susan Seel<\/h2>\n\t\t\t\t<div class=\"wcorg-organizer-description\">\n\t\t\t\t\t\t\t\t\t\t<img alt='' src='https:\/\/secure.gravatar.com\/avatar\/1d419006fd704d934203bd6ca98954fad38bb77c7a8dd7c9c5340589f1658bba?s=100&#038;d=mm&#038;r=g' srcset='https:\/\/secure.gravatar.com\/avatar\/1d419006fd704d934203bd6ca98954fad38bb77c7a8dd7c9c5340589f1658bba?s=200&#038;d=mm&#038;r=g 2x' class='avatar avatar-100 photo' height='100' width='100' \/>\t\t\t\t\t<p>Susan ist Webdesignerin und -Entwicklerin aus Hamburg. Sie k\u00fcmmert sich mit Vorliebe um die <a href=\"http:\/\/sunas.de\" title=\"sunas.de\" target=\"_blank\">Konzeption, Gestaltung und Realisierung von Webseiten<\/a> mit und ohne WordPress. Auf <a href=\"http:\/\/susanseel.de\" title=\"susan seel\" target=\"_blank\">#susanseel<\/a> bloggt sie ihre Fotos  und viel zu selten die eigentlich geplanten Tutorials zum Thema Webdesign. Das Twittern kommt auch zu kurz unter <a href=\"https:\/\/twitter.com\/sunas_de\" title=\"susan auf twitter\" target=\"_blank\">@sunas_de<\/a>. <\/p>\n\t\t\t\t<\/div>\n\t\t\t<\/div>\n\n\t\t\n\t\t\t<div class=\"wcorg-organizer\">\n\t\t\t\t<h2>Torsten Landsiedel<\/h2>\n\t\t\t\t<div class=\"wcorg-organizer-description\">\n\t\t\t\t\t\t\t\t\t\t<img alt='' src='https:\/\/secure.gravatar.com\/avatar\/85b3ccf3d505b40e64c56ee29c72bfa9f166468c4998288edcb561b53c804c64?s=100&#038;d=mm&#038;r=g' srcset='https:\/\/secure.gravatar.com\/avatar\/85b3ccf3d505b40e64c56ee29c72bfa9f166468c4998288edcb561b53c804c64?s=200&#038;d=mm&#038;r=g 2x' class='avatar avatar-100 photo' height='100' width='100' \/>\t\t\t\t\t<p>Torsten ist Webworker mit Schwerpunkt WordPress und lebt in Hamburg. Er betreut das deutsche Supportforum von <a href=\"http:\/\/de.forums.wordpress.com\/\">WordPress.com<\/a> und <a href=\"http:\/\/de.forums.wordpress.org\/\">WordPress.org<\/a> und hilft als Validator mit bei der <a href=\"http:\/\/teamwpde.wordpress.com\/\">\u00dcbersetzung von WordPress<\/a>. Er k\u00fcmmert sich gern um Abschlusstests von Webseiten, kleine wichtige Details und twittert viel zu selten unter <a href=\"https:\/\/twitter.com\/zodiac1978\">@zodiac1978<\/a>. Au\u00dferdem will er schon seit Jahren &#8222;<a href=\"http:\/\/torstenlandsiedel.de\/blog\/\">mehr bloggen<\/a>&#8222;.<\/p>\n\t\t\t\t<\/div>\n\t\t\t<\/div>\n\n\t\t\n\t<\/div><!-- .wcorg-organizers -->\n\t\n","protected":false},"excerpt":{"rendered":"","protected":false},"author":1162914,"featured_media":0,"parent":0,"menu_order":0,"comment_status":"closed","ping_status":"open","template":"","meta":{"_crdt_document":"","jetpack_post_was_ever_published":false,"footnotes":""},"class_list":["post-6","page","type-page","status-publish","hentry"],"jetpack_sharing_enabled":true,"_links":{"self":[{"href":"https:\/\/hamburg.wordcamp.org\/2014\/wp-json\/wp\/v2\/pages\/6","targetHints":{"allow":["GET"]}}],"collection":[{"href":"https:\/\/hamburg.wordcamp.org\/2014\/wp-json\/wp\/v2\/pages"}],"about":[{"href":"https:\/\/hamburg.wordcamp.org\/2014\/wp-json\/wp\/v2\/types\/page"}],"author":[{"embeddable":true,"href":"https:\/\/hamburg.wordcamp.org\/2014\/wp-json\/wp\/v2\/users\/1162914"}],"replies":[{"embeddable":true,"href":"https:\/\/hamburg.wordcamp.org\/2014\/wp-json\/wp\/v2\/comments?post=6"}],"version-history":[{"count":3,"href":"https:\/\/hamburg.wordcamp.org\/2014\/wp-json\/wp\/v2\/pages\/6\/revisions"}],"predecessor-version":[{"id":361514,"href":"https:\/\/hamburg.wordcamp.org\/2014\/wp-json\/wp\/v2\/pages\/6\/revisions\/361514"}],"wp:attachment":[{"href":"https:\/\/hamburg.wordcamp.org\/2014\/wp-json\/wp\/v2\/media?parent=6"}],"curies":[{"name":"wp","href":"https:\/\/api.w.org\/{rel}","templated":true}]}}