{"id":510472,"date":"2014-04-16T20:39:53","date_gmt":"2014-04-16T18:39:53","guid":{"rendered":"https:\/\/2014.hamburg.wordcamp.org\/?page_id=510472"},"modified":"2014-09-16T09:53:00","modified_gmt":"2014-09-16T07:53:00","slug":"contributor-day","status":"publish","type":"page","link":"https:\/\/hamburg.wordcamp.org\/2014\/ueber\/contributor-day\/","title":{"rendered":"Contributor Day"},"content":{"rendered":"<p>Zwei Tage WordCamp sind uns nicht genug. Darum h\u00e4ngen wir am Montag den <strong>Contributor Day<\/strong> dran.<\/p>\n<p>Du kannst Dich an dem gro\u00dfartigen WordPress-Projekt direkt beteiligen, indem Du Dein Know-How beim Contributor Day direkt mit einbringst.<\/p>\n<p>Der Contributor Day findet am <strong>16.6.2014<\/strong> von 10 bis 18 Uhr im <a href=\"http:\/\/hamburg.betahaus.de\/\">betahaus<\/a> statt. Danke an <a href=\"http:\/\/www.holisticon.de\/\" rel=\"nofollow\">Holisticon<\/a> f\u00fcrs Raumkosten-Sponsoring.<\/p>\n<div class=\"googlemaps\">\n\t\t\t\t<iframe loading=\"lazy\" width=\"800\" height=\"500\" frameborder=\"0\" scrolling=\"no\" marginheight=\"0\" marginwidth=\"0\"  src=\"https:\/\/www.google.com\/maps\/embed?pb=!1m14!1m8!1m3!1d2369.7329206828504!2d9.959843!3d53.562535!3m2!1i1024!2i768!4f13.1!3m3!1m2!1s0x47b18f691b79e6bb:0xcd378c10a85d5041!2sbetahaus%20-%20coworking%20hamburg!5e0!3m2!1sen!2sde!4v1402393552646\"><\/iframe>\n\t\t\t<\/div>\n<p>Ob Du Dich f\u00fcr Design, Entwicklung, Dokumentation, Usability oder Community interessierst, es gibt auch f\u00fcr Dich einen Weg WordPress am Contributor-Day zu unterst\u00fctzen:<\/p>\n<ul>\n<li>erweitere direkt im Core, schreibe oder aktualisiere die WordPress-Dokumentation<\/li>\n<li>gestalte Mockups<\/li>\n<li>helfe aus mit Deinem Wissen \u00fcber Zug\u00e4nglichkeit und Usability<\/li>\n<li>entwickle mit an den mobilen Apps<\/li>\n<li>beantworte Fragen im Forum und helfe anderen Usern oder Menschen, die neu mit WordPress arbeiten<\/li>\n<li>arbeite an der WordPress.org-Website direkt, inkl. Plugins und Themes<\/li>\n<li>\u2026<\/li>\n<\/ul>\n<p>Wir freuen uns auf viele gro\u00dfartige <strong>WordPress-User<\/strong> in unserer sch\u00f6nen Stadt.<br \/>\nDie<strong> WordPress-Community<\/strong> ist ein entscheidender Teil, der <strong>WordPress<\/strong> so gro\u00dfartig macht. Am Montag kannst auch du deinen Teil dazu beitragen.<\/p>\n<p>N\u00e4here Informationen dazu kommen sobald der Raum feststeht.<\/p>\n<p>Wer am <strong>Contributor Day<\/strong> teilnehmen m\u00f6chte, meldet sich mit einem H\u00e4kchen bei der Registrierung verbindlich an.<\/p>\n<p>Was auf einem Contributor Day so passieren kann und wie eine gute Vorbereitung daf\u00fcr aussieht, findet sich im <a href=\"http:\/\/make.wordpress.org\/support\/handbook\/getting-started\/getting-started-at-a-contributor-day\/\">Core-Handbook (engl.)<\/a>.<\/p>\n","protected":false},"excerpt":{"rendered":"<p>Zwei Tage WordCamp sind uns nicht genug. Darum h\u00e4ngen wir am Montag den Contributor Day dran. Du kannst Dich an dem gro\u00dfartigen WordPress-Projekt direkt beteiligen, indem Du Dein Know-How beim Contributor Day direkt mit einbringst. Der Contributor Day findet am 16.6.2014 von 10 bis 18 Uhr im betahaus statt. Danke an Holisticon f\u00fcrs Raumkosten-Sponsoring. Ob [&hellip;]<\/p>\n","protected":false},"author":9645964,"featured_media":0,"parent":373656,"menu_order":0,"comment_status":"closed","ping_status":"open","template":"","meta":{"_crdt_document":"","jetpack_post_was_ever_published":false,"footnotes":""},"class_list":["post-510472","page","type-page","status-publish","hentry"],"jetpack_sharing_enabled":true,"_links":{"self":[{"href":"https:\/\/hamburg.wordcamp.org\/2014\/wp-json\/wp\/v2\/pages\/510472","targetHints":{"allow":["GET"]}}],"collection":[{"href":"https:\/\/hamburg.wordcamp.org\/2014\/wp-json\/wp\/v2\/pages"}],"about":[{"href":"https:\/\/hamburg.wordcamp.org\/2014\/wp-json\/wp\/v2\/types\/page"}],"author":[{"embeddable":true,"href":"https:\/\/hamburg.wordcamp.org\/2014\/wp-json\/wp\/v2\/users\/9645964"}],"replies":[{"embeddable":true,"href":"https:\/\/hamburg.wordcamp.org\/2014\/wp-json\/wp\/v2\/comments?post=510472"}],"version-history":[{"count":12,"href":"https:\/\/hamburg.wordcamp.org\/2014\/wp-json\/wp\/v2\/pages\/510472\/revisions"}],"predecessor-version":[{"id":627798,"href":"https:\/\/hamburg.wordcamp.org\/2014\/wp-json\/wp\/v2\/pages\/510472\/revisions\/627798"}],"up":[{"embeddable":true,"href":"https:\/\/hamburg.wordcamp.org\/2014\/wp-json\/wp\/v2\/pages\/373656"}],"wp:attachment":[{"href":"https:\/\/hamburg.wordcamp.org\/2014\/wp-json\/wp\/v2\/media?parent=510472"}],"curies":[{"name":"wp","href":"https:\/\/api.w.org\/{rel}","templated":true}]}}