{"id":5,"date":"2013-12-13T20:01:53","date_gmt":"2013-12-13T19:01:53","guid":{"rendered":"https:\/\/2014.hamburg.wordcamp.org\/location\/"},"modified":"2014-09-16T09:52:41","modified_gmt":"2014-09-16T07:52:41","slug":"ort","status":"publish","type":"page","link":"https:\/\/hamburg.wordcamp.org\/2014\/ort\/","title":{"rendered":"Ort"},"content":{"rendered":"<p>Geomatikum der Uni Hamburg<br \/>\nBundesstra\u00dfe 55<br \/>\n20146 Hamburg<\/p>\n<p class=\"jetpack-slideshow-noscript robots-nocontent\">Diese Diashow ben\u00f6tigt JavaScript.<\/p><div id=\"gallery-5-1-slideshow\" class=\"jetpack-slideshow-window jetpack-slideshow jetpack-slideshow-black\" data-trans=\"fade\" data-autostart=\"1\" data-gallery=\"[{&quot;src&quot;:&quot;https:\\\/\\\/hamburg.wordcamp.org\\\/2014\\\/files\\\/2013\\\/12\\\/geomatikum-web-02.jpg&quot;,&quot;id&quot;:&quot;421665&quot;,&quot;title&quot;:&quot;geomatikum-web-02&quot;,&quot;alt&quot;:&quot;Gro\\u00dfer H\\u00f6rsaal Geomatikum&quot;,&quot;caption&quot;:&quot;&quot;,&quot;itemprop&quot;:&quot;image&quot;},{&quot;src&quot;:&quot;https:\\\/\\\/hamburg.wordcamp.org\\\/2014\\\/files\\\/2013\\\/12\\\/geomatikum-web-01.jpg&quot;,&quot;id&quot;:&quot;421664&quot;,&quot;title&quot;:&quot;geomatikum-web-01&quot;,&quot;alt&quot;:&quot;Foyer Geomatikum&quot;,&quot;caption&quot;:&quot;&quot;,&quot;itemprop&quot;:&quot;image&quot;},{&quot;src&quot;:&quot;https:\\\/\\\/hamburg.wordcamp.org\\\/2014\\\/files\\\/2013\\\/12\\\/IMG_4123.jpg&quot;,&quot;id&quot;:&quot;627095&quot;,&quot;title&quot;:&quot;IMG_4123&quot;,&quot;alt&quot;:&quot;&quot;,&quot;caption&quot;:&quot;&quot;,&quot;itemprop&quot;:&quot;image&quot;},{&quot;src&quot;:&quot;https:\\\/\\\/hamburg.wordcamp.org\\\/2014\\\/files\\\/2013\\\/12\\\/IMG_41221.jpg&quot;,&quot;id&quot;:&quot;627093&quot;,&quot;title&quot;:&quot;IMG_4122&quot;,&quot;alt&quot;:&quot;&quot;,&quot;caption&quot;:&quot;&quot;,&quot;itemprop&quot;:&quot;image&quot;}]\" itemscope itemtype=\"https:\/\/schema.org\/ImageGallery\"><\/div>\n<p>Das Geomatikum ist leider nicht wirklich barrierefrei. <a href=\"https:\/\/2014.hamburg.wordcamp.org\/kontakt\/\" title=\"Kontakt\">Sprecht uns gegebenfalls einfach an<\/a>.<\/p>\n<div class=\"googlemaps\">\n\t\t\t\t<iframe loading=\"lazy\" width=\"800\" height=\"450\" frameborder=\"0\" scrolling=\"no\" marginheight=\"0\" marginwidth=\"0\"  src=\"https:\/\/maps.google.com\/maps\/embed?pb=!1m14!1m8!1m3!1d37913.303935423515!2d9.985152684594103!3d53.56523789799699!3m2!1i1024!2i768!4f13.1!3m3!1m2!1s0x47b18f479ff4605b:0x4586d25ccda83bb5!2sBundesstra\u00dfe%2055!5e0!3m2!1sde!2sde!4v1394441079756\"><\/iframe>\n\t\t\t<\/div>\n<h3>Hotels in der N\u00e4he<\/h3>\n<ul>\n<li><a href=\"http:\/\/www.fritz-im-pyjama.de\/\">fritzhotel<\/a><\/li>\n<li><a href=\"http:\/\/schanzenstern.com\/index.php\/de\/st-pauli\/\">\u00dcbernachtungshaus<\/a><\/li>\n<li><a href=\"http:\/\/www.yoho-hamburg.de\/\">YoHo &#8211; the young hotel<\/a><\/li>\n<li><a href=\"http:\/\/www.hotel-hamburg-city.de\/\">Mercure Hotel Hamburg Arena<\/a><\/li>\n<li><a href=\"http:\/\/www.nh-hotels.de\/nh\/de\/hotels\/deutschland\/hamburg\/nh-hamburg-mitte.html\">NH Hamburg Mitte<\/a><\/li>\n<li><a href=\"http:\/\/ibisbudgethotel.ibis.com\/de\/hotel-2711-ibis-budget-hamburg-altona\/\">Ibis Hamburg Altona <\/a><\/li>\n<li><a href=\"http:\/\/www.motel-one.com\/de\/hotels\/hamburg\/hotel-hamburg-altona\/\">Motel One<\/a><\/li>\n<li><a href=\"http:\/\/www.hotel-helgoland.de\">Hotel Helgoland<\/a><\/li>\n<\/ul>\n<h3>Anreise<\/h3>\n<h4>mit Bus und Bahn<\/h4>\n<p>Die Anreise mit dem \u00f6ffentlichen Nahverkehr wird aufgrund der Parkplatzsituation in Hamburg dringend empfohlen. Das Geomatikum ist sehr gut \u00fcber den \u00d6PNV zu erreichen. Zum einen mit der U2 oder U3 bis &#8222;Schlump&#8220; und dann in wenigen Minuten zu Fu\u00df. Oder mit den Buslinien 4 und 15 bis zur Haltestelle &#8222;Bundesstra\u00dfe&#8220;, die direkt vor dem Geb\u00e4ude liegt.<br \/>\n<a href=\"http:\/\/www.hvv.de\/fp.php?id=f6e6352c9ec55716a0016339b27afd9f\" target=\"_blank\"><img loading=\"lazy\" decoding=\"async\" src=\"http:\/\/www.hvv.de\/images\/logo_hvv_110x25.png\" alt=\"Mit dem HVV zu uns\" height=\"25\" width=\"110\" border=\"0\" \/><\/a><\/p>\n<h4>mit dem Auto<\/h4>\n<p>Folgt am besten dem Routenplaner von <a href=\"https:\/\/www.google.de\/maps\/dir\/\/Bundesstra%C3%9Fe+55,+20146+Hamburg\/@53.56817,9.97422,17z\/data=!4m8!4m7!1m0!1m5!1m1!1s0x47b18f479ff4605b:0x4586d25ccda83bb5!2m2!1d9.97422!2d53.56817\">Google Maps<\/a>. \ud83d\ude42<\/p>\n","protected":false},"excerpt":{"rendered":"<p>Geomatikum der Uni Hamburg Bundesstra\u00dfe 55 20146 Hamburg Das Geomatikum ist leider nicht wirklich barrierefrei. Sprecht uns gegebenfalls einfach an. Hotels in der N\u00e4he fritzhotel \u00dcbernachtungshaus YoHo &#8211; the young hotel Mercure Hotel Hamburg Arena NH Hamburg Mitte Ibis Hamburg Altona Motel One Hotel Helgoland Anreise mit Bus und Bahn Die Anreise mit dem \u00f6ffentlichen [&hellip;]<\/p>\n","protected":false},"author":5276180,"featured_media":0,"parent":0,"menu_order":0,"comment_status":"closed","ping_status":"closed","template":"","meta":{"_crdt_document":"","jetpack_post_was_ever_published":false,"footnotes":""},"class_list":["post-5","page","type-page","status-publish","hentry"],"jetpack_sharing_enabled":true,"_links":{"self":[{"href":"https:\/\/hamburg.wordcamp.org\/2014\/wp-json\/wp\/v2\/pages\/5","targetHints":{"allow":["GET"]}}],"collection":[{"href":"https:\/\/hamburg.wordcamp.org\/2014\/wp-json\/wp\/v2\/pages"}],"about":[{"href":"https:\/\/hamburg.wordcamp.org\/2014\/wp-json\/wp\/v2\/types\/page"}],"author":[{"embeddable":true,"href":"https:\/\/hamburg.wordcamp.org\/2014\/wp-json\/wp\/v2\/users\/5276180"}],"replies":[{"embeddable":true,"href":"https:\/\/hamburg.wordcamp.org\/2014\/wp-json\/wp\/v2\/comments?post=5"}],"version-history":[{"count":25,"href":"https:\/\/hamburg.wordcamp.org\/2014\/wp-json\/wp\/v2\/pages\/5\/revisions"}],"predecessor-version":[{"id":627097,"href":"https:\/\/hamburg.wordcamp.org\/2014\/wp-json\/wp\/v2\/pages\/5\/revisions\/627097"}],"wp:attachment":[{"href":"https:\/\/hamburg.wordcamp.org\/2014\/wp-json\/wp\/v2\/media?parent=5"}],"curies":[{"name":"wp","href":"https:\/\/api.w.org\/{rel}","templated":true}]}}