{"id":480698,"date":"2014-03-21T11:39:18","date_gmt":"2014-03-21T10:39:18","guid":{"rendered":"https:\/\/2014.hamburg.wordcamp.org\/?page_id=480698"},"modified":"2014-09-16T09:52:42","modified_gmt":"2014-09-16T07:52:42","slug":"lightning-talk","status":"publish","type":"page","link":"https:\/\/hamburg.wordcamp.org\/2014\/speakers\/lightning-talk\/","title":{"rendered":"Lightning-Talk"},"content":{"rendered":"<p>Lasst die Funken fliegen! Stellt ein Best-Practice vor, eine Plugin-Idee oder pr\u00e4sentiert mal eine untersch\u00e4tzte WordPress-Funktion &#8230; &ndash; ihr habt 5 Minuten das Camp mit eurem Thema zu inspirieren.<\/p>\n<p>F\u00fcr die Bereiche Anwendung, Design und Entwicklung m\u00f6chten wir Lightning-Talk-Sessions anbieten. Daf\u00fcr suchen wir kurze Beitr\u00e4ge (5 Minuten Vortrag plus 5 Minuten f\u00fcr Fragen\/Feedback). Dieses neue Format soll dazu dienen mehrere (auch kleinere) Themen ansprechen zu k\u00f6nnen.<\/p>\n<p>Hinterlasst einfach einen Kommentar mit Angabe des Themenbereichs und dem Titel eures Lightning-Talks um dabei zu sein.<\/p>\n<p>Wir freuen uns auf viele spannende, neue Impulse!<\/p>\n","protected":false},"excerpt":{"rendered":"<p>Lasst die Funken fliegen! Stellt ein Best-Practice vor, eine Plugin-Idee oder pr\u00e4sentiert mal eine untersch\u00e4tzte WordPress-Funktion &#8230; &ndash; ihr habt 5 Minuten das Camp mit eurem Thema zu inspirieren. F\u00fcr die Bereiche Anwendung, Design und Entwicklung m\u00f6chten wir Lightning-Talk-Sessions anbieten. Daf\u00fcr suchen wir kurze Beitr\u00e4ge (5 Minuten Vortrag plus 5 Minuten f\u00fcr Fragen\/Feedback). Dieses neue [&hellip;]<\/p>\n","protected":false},"author":9233657,"featured_media":0,"parent":2,"menu_order":0,"comment_status":"closed","ping_status":"open","template":"","meta":{"_crdt_document":"","jetpack_post_was_ever_published":false,"footnotes":""},"class_list":["post-480698","page","type-page","status-publish","hentry"],"jetpack_sharing_enabled":true,"_links":{"self":[{"href":"https:\/\/hamburg.wordcamp.org\/2014\/wp-json\/wp\/v2\/pages\/480698","targetHints":{"allow":["GET"]}}],"collection":[{"href":"https:\/\/hamburg.wordcamp.org\/2014\/wp-json\/wp\/v2\/pages"}],"about":[{"href":"https:\/\/hamburg.wordcamp.org\/2014\/wp-json\/wp\/v2\/types\/page"}],"author":[{"embeddable":true,"href":"https:\/\/hamburg.wordcamp.org\/2014\/wp-json\/wp\/v2\/users\/9233657"}],"replies":[{"embeddable":true,"href":"https:\/\/hamburg.wordcamp.org\/2014\/wp-json\/wp\/v2\/comments?post=480698"}],"version-history":[{"count":6,"href":"https:\/\/hamburg.wordcamp.org\/2014\/wp-json\/wp\/v2\/pages\/480698\/revisions"}],"predecessor-version":[{"id":481199,"href":"https:\/\/hamburg.wordcamp.org\/2014\/wp-json\/wp\/v2\/pages\/480698\/revisions\/481199"}],"up":[{"embeddable":true,"href":"https:\/\/hamburg.wordcamp.org\/2014\/wp-json\/wp\/v2\/pages\/2"}],"wp:attachment":[{"href":"https:\/\/hamburg.wordcamp.org\/2014\/wp-json\/wp\/v2\/media?parent=480698"}],"curies":[{"name":"wp","href":"https:\/\/api.w.org\/{rel}","templated":true}]}}