{"id":373656,"date":"2014-03-06T20:31:51","date_gmt":"2014-03-06T19:31:51","guid":{"rendered":"https:\/\/2014.hamburg.wordcamp.org\/?page_id=373656"},"modified":"2014-09-16T09:53:00","modified_gmt":"2014-09-16T07:53:00","slug":"ueber","status":"publish","type":"page","link":"https:\/\/hamburg.wordcamp.org\/2014\/ueber\/","title":{"rendered":"\u00dcber das WordCamp Hamburg"},"content":{"rendered":"<p style=\"text-align: center\"><em>International visitors &#8211; see the <a href=\"#language\">language notice<\/a> below<\/em><\/p>\n<h4>Auf einen Blick<\/h4>\n<table>\n<tbody>\n<tr>\n<td>Freitag<\/td>\n<td>13.06.14<\/td>\n<td>ab 19.00 Uhr<\/td>\n<td><a title=\"Warm-Up am Freitag\" href=\"https:\/\/2014.hamburg.wordcamp.org\/2014\/05\/06\/warm-up-am-freitag\/\">Warm-Up<\/a><\/td>\n<\/tr>\n<tr>\n<td>Samstag<\/td>\n<td>14.06.14<\/td>\n<td>9.00\u201318.00 Uhr<\/td>\n<td><a title=\"Sessionplan\" href=\"https:\/\/2014.hamburg.wordcamp.org\/sessionplan\/\">WordCamp Tag 1<\/a><\/td>\n<\/tr>\n<tr>\n<td>Samstag<\/td>\n<td>14.06.14<\/td>\n<td>ab 18.00 Uhr<\/td>\n<td><a title=\"After-Party am Samstag\" href=\"https:\/\/2014.hamburg.wordcamp.org\/2014\/06\/11\/after-party-am-samstag\/\">After-Party<\/a><\/td>\n<\/tr>\n<tr>\n<td>Sonntag<\/td>\n<td>15.06.14<\/td>\n<td>9.00\u201318.00 Uhr<\/td>\n<td><a title=\"Sessionplan Sonntag\" href=\"https:\/\/2014.hamburg.wordcamp.org\/sessionplan\/#sonntag\">WordCamp Tag 2<\/a><\/td>\n<\/tr>\n<tr>\n<td>Montag<\/td>\n<td>16.06.14<\/td>\n<td>10.00\u201318.00 Uhr<\/td>\n<td><a title=\"Contributor Day\" href=\"https:\/\/2014.hamburg.wordcamp.org\/ueber\/contributor-day\/\">Contributor-Day<\/a><\/td>\n<\/tr>\n<\/tbody>\n<\/table>\n<h4>Was ist ein WordCamp?<\/h4>\n<p>Ein WordCamp ist eine lockere Konferenz im Stile eines BarCamps zu allen erdenklichen Themen rund um <a title=\"WordPress.org\" href=\"http:\/\/wordpress.org\">WordPress<\/a>. WordCamps finden <a href=\"http:\/\/central.wordcamp.org\/schedule\/\">rund um den Globus<\/a> statt, sind lokal organisiert und werden von der <a href=\"http:\/\/wordpressfoundation.org\/\">WordPress Foundation <\/a>unterst\u00fctzt.<\/p>\n<h4>An wen richtet sich das WordCamp Hamburg?<\/h4>\n<p>Unsere Zielgruppe sind WordPress-Begeisterte aus den Bereichen Entwicklung, Design, Marketing, Journalismus, Blogging und vielen weiteren Disziplinen, die im privaten oder beruflichen Kontext WordPress nutzen.<\/p>\n<p>Es geht darum WordPress besser kennen zu lernen, Wissen zu vertiefen, Teilbereiche intensiver zu betrachten, sich auszutauschen, Leute zu treffen, Spa\u00df zu haben, zu\u00a0netzwerken und vieles mehr.<\/p>\n<h4>Wo und wann findet das WordCamp Hamburg statt?<\/h4>\n<p>Das WordCamp Hamburg wird vom 14. bis 15. Juni 2014 im Geomatikum der Uni Hamburg stattfinden.<\/p>\n<h4>Mu\u00df ich mich anmelden?<\/h4>\n<p>F\u00fcr den Besuch des WordCamps ist ein Ticket notwendig. <a title=\"Tickets\" href=\"https:\/\/2014.hamburg.wordcamp.org\/tickets\/\">Das kannst du auf der Ticketseite erwerben.<\/a><\/p>\n<h4>Kann ich das Ticket auch ohne PayPal-Account bezahlen?<\/h4>\n<p>Es gibt bei PayPal die M\u00f6glichkeit als Gast per Kreditkarte oder Lastschrift zu zahlen. Eine M\u00f6glichkeit komplett ohne PayPal zu bezahlen gibt es leider nicht, da die Zahlung an die WordPress Foundation mit Sitz in den USA geht.<\/p>\n<h4>Muss ich das Ticket zum WordCamp ausgedruckt mitbringen?<\/h4>\n<p>Nein. Das ist nicht notwendig. Wir haben eine Liste aller registrierter Anmeldungen beim Check-In. Wenn du dich in der <a title=\"Teilnehmende\" href=\"https:\/\/2014.hamburg.wordcamp.org\/tickets\/teilnehmende\/\">Liste der Teilnehmenden<\/a> wiederfindest ist alles gebongt.<\/p>\n<h4 id=\"rechnung\">Gibt es eine offizielle Rechnung, die ich f\u00fcr die Steuer nutzen kann?<\/h4>\n<p>Nein, leider nicht. Das genutzte Plugin <a href=\"http:\/\/wordpress.org\/plugins\/camptix\/\">CampTix<\/a> gibt weder eine Umsatzsteuer aus, noch eine offizielle Rechnung. Wir k\u00f6nnen hierbei auch nicht helfen, denn der offizielle Veranstalter ist die <a href=\"http:\/\/wordpressfoundation.org\/\">WordPress Foundation<\/a> aus den USA und nicht wir. Die ist steuerbefreit, aber nur in den USA und nicht in Deutschland. Eine Spende im deutschen Rechtssinne ist es nicht, <a href=\"http:\/\/www.vereinsbesteuerung.info\/leitfaden_spende.htm\">da eine Gegenleistung erfolgt<\/a>. Umsatzsteuer w\u00e4re, wenn \u00fcberhaupt dann vom Leistungsempf\u00e4nger in Deutschland zu zahlen, der den gleichen Betrag wiederum als Vorsteuer <a href=\"http:\/\/www.frag-einen-anwalt.de\/MwSt-auf-US-Rechnung---f2585.html\">geltend machen kann<\/a>. Bleibt also h\u00f6chstens die Betriebsausgabe, die in diesem Fall leider nur durch den Kontoauszug belegt werden kann. (Alle Angaben ohne Gew\u00e4hr, das ist keine Rechtsberatung &#8211; wer einen Anwalt\/Steuerberater fragt und wir falsch liegen sollten &#8211; wir freuen uns \u00fcber Infos!)<\/p>\n<h4 id=\"language\">In welcher Sprache findet das WordCamp Hamburg statt?<\/h4>\n<p>Der Gro\u00dfteil der Sessions wird auf Deutsch gehalten. Wir haben uns f\u00fcr Deutsch als Hauptsprache f\u00fcr das Camp entschieden, da das WordCamp Hamburg ein lokales Event mit Fokus auf die deutschsprachige Community ist. Bei internationalen Speakern kann eine Session auch ausnahmsweise in Englisch angeboten werden.<\/p>\n<h4>Language notice for international visitors<\/h4>\n<p>The sessions will mainly be held in <strong>German<\/strong>. So if you&#8217;re not able to understand German, it&#8217;s maybe not the best WordCamp experience for you. We decided to choose German as the main language for the camp, because WordCamp Hamburg is a local event with focus on the german-speaking community. <a title=\"Don\u2019t speak German?\" href=\"https:\/\/2014.hamburg.wordcamp.org\/dont-speak-german\/\">Please see as well: Don\u00b4t speak German?<\/a><\/p>\n","protected":false},"excerpt":{"rendered":"<p>International visitors &#8211; see the language notice below Auf einen Blick Freitag 13.06.14 ab 19.00 Uhr Warm-Up Samstag 14.06.14 9.00\u201318.00 Uhr WordCamp Tag 1 Samstag 14.06.14 ab 18.00 Uhr After-Party Sonntag 15.06.14 9.00\u201318.00 Uhr WordCamp Tag 2 Montag 16.06.14 10.00\u201318.00 Uhr Contributor-Day Was ist ein WordCamp? Ein WordCamp ist eine lockere Konferenz im Stile eines [&hellip;]<\/p>\n","protected":false},"author":9891864,"featured_media":0,"parent":0,"menu_order":0,"comment_status":"closed","ping_status":"open","template":"","meta":{"_crdt_document":"","jetpack_post_was_ever_published":false,"footnotes":""},"class_list":["post-373656","page","type-page","status-publish","hentry"],"jetpack_sharing_enabled":true,"_links":{"self":[{"href":"https:\/\/hamburg.wordcamp.org\/2014\/wp-json\/wp\/v2\/pages\/373656","targetHints":{"allow":["GET"]}}],"collection":[{"href":"https:\/\/hamburg.wordcamp.org\/2014\/wp-json\/wp\/v2\/pages"}],"about":[{"href":"https:\/\/hamburg.wordcamp.org\/2014\/wp-json\/wp\/v2\/types\/page"}],"author":[{"embeddable":true,"href":"https:\/\/hamburg.wordcamp.org\/2014\/wp-json\/wp\/v2\/users\/9891864"}],"replies":[{"embeddable":true,"href":"https:\/\/hamburg.wordcamp.org\/2014\/wp-json\/wp\/v2\/comments?post=373656"}],"version-history":[{"count":38,"href":"https:\/\/hamburg.wordcamp.org\/2014\/wp-json\/wp\/v2\/pages\/373656\/revisions"}],"predecessor-version":[{"id":627706,"href":"https:\/\/hamburg.wordcamp.org\/2014\/wp-json\/wp\/v2\/pages\/373656\/revisions\/627706"}],"wp:attachment":[{"href":"https:\/\/hamburg.wordcamp.org\/2014\/wp-json\/wp\/v2\/media?parent=373656"}],"curies":[{"name":"wp","href":"https:\/\/api.w.org\/{rel}","templated":true}]}}